{"id":1264,"date":"2022-12-12T15:04:14","date_gmt":"2022-12-12T14:04:14","guid":{"rendered":"https:\/\/logo-phenix.com\/?page_id=1264"},"modified":"2025-07-07T17:58:48","modified_gmt":"2025-07-07T15:58:48","slug":"qui-suis-je","status":"publish","type":"page","link":"https:\/\/logo-phenix.com\/?page_id=1264","title":{"rendered":"QUI SUIS-JE"},"content":{"rendered":"<div data-colibri-id=\"1264-c1\" class=\"style-1080 style-local-1264-c1 position-relative\">\n  <!---->\n  <div data-colibri-component=\"section\" data-colibri-id=\"1264-c2\" id=\"about\" class=\"h-section h-section-global-spacing d-flex align-items-lg-center align-items-md-center align-items-end style-1081 style-local-1264-c2 h-overflow-hidden position-relative\">\n    <!---->\n    <!---->\n    <div class=\"h-section-grid-container h-section-boxed-container\">\n      <!---->\n      <div data-colibri-id=\"1264-c3\" class=\"h-row-container gutters-row-lg-0 gutters-row-md-0 gutters-row-2 gutters-row-v-lg-0 gutters-row-v-md-0 gutters-row-v-0 style-1082 style-local-1264-c3 position-relative\">\n        <!---->\n        <div class=\"h-row justify-content-lg-start justify-content-md-start justify-content-center align-items-lg-stretch align-items-md-stretch align-items-stretch gutters-col-lg-0 gutters-col-md-0 gutters-col-2 gutters-col-v-lg-0 gutters-col-v-md-0 gutters-col-v-0\">\n          <!---->\n          <div data-aos=\"fadeInLeft\" class=\"h-column h-column-container d-flex h-col-lg-auto h-col-md-auto h-col-auto style-1083-outer style-local-1264-c4-outer\">\n            <div data-colibri-id=\"1264-c4\" class=\"d-flex h-flex-basis h-column__inner h-px-lg-2 h-px-md-2 h-px-0 v-inner-lg-2 v-inner-md-2 v-inner-0 style-1083 style-local-1264-c4 position-relative\">\n              <!---->\n              <!---->\n              <div class=\"w-100 h-y-container h-column__content h-column__v-align flex-basis-100 align-self-lg-end align-self-md-end align-self-end\">\n                <!---->\n                <div data-colibri-id=\"1264-c5\" class=\"h-global-transition-all h-heading style-1084 style-local-1264-c5 position-relative h-element\">\n                  <!---->\n                  <div class=\"h-heading__outer style-1084 style-local-1264-c5\">\n                    <!---->\n                    <!---->\n                    <h2 class=\"\"><span style=\"color: rgb(196, 173, 145); font-family: Julius Sans One;\">Bienvenue sur ma page !<\/span><em style=\"color: rgb(3, 169, 244); font-family: Playfair Display;\"><br><\/em><\/h2>\n                  <\/div>\n                <\/div>\n                <div data-colibri-id=\"1264-c6\" class=\"h-text h-text-component style-1086 style-local-1264-c6 position-relative h-element\">\n                  <!---->\n                  <!---->\n                  <div class=\"\">\n                    <p>Il y a maintenant 6 ann\u00e9es que j\u2019ai choisi de suivre ma passion en me lan\u00e7ant dans le design.<\/p>\n                    <p>Mon objectif est de vous aider \u00e0 construire votre identit\u00e9 visuelle pour marquer l\u2019esprit de vos prospects et clients, de d\u00e9ployer votre pr\u00e9sence en ligne gr\u00e2ce \u00e0 un site internet \u00e9l\u00e9gant et des r\u00e9seaux sociaux attractifs.<\/p>\n                    <p>Je suis sp\u00e9cialis\u00e9e dans la cr\u00e9ation de logos, de sites web et de supports marketing. Le tout, en alliant l\u2019esth\u00e9tisme, la modernit\u00e9 et la cr\u00e9ativit\u00e9, pour rendre vos supports de communication v\u00e9ritablement uniques.<\/p>\n                  <\/div>\n                <\/div>\n              <\/div>\n            <\/div>\n          <\/div>\n          <div class=\"h-column h-column-container d-flex h-col-lg-auto h-col-md-auto h-col-auto style-1087-outer style-local-1264-c7-outer\">\n            <div data-colibri-id=\"1264-c7\" class=\"d-flex h-flex-basis h-column__inner h-px-lg-2 h-px-md-2 h-px-2 v-inner-lg-2 v-inner-md-2 v-inner-2 style-1087 style-local-1264-c7 position-relative\">\n              <!---->\n              <!---->\n              <div class=\"w-100 h-y-container h-column__content h-column__v-align flex-basis-100 align-self-lg-start align-self-md-start align-self-start\">\n                <!---->\n                <div data-colibri-id=\"1264-c8\" class=\"d-block style-1088 style-local-1264-c8 position-relative h-element\">\n                  <!---->\n                  <div class=\"h-image__frame-container-outer\">\n                    <div class=\"h-image__frame-container\">\n                      <!---->\n                      <!---->\n                      <img loading=\"lazy\" decoding=\"async\" width=\"766\" height=\"896\" src=\"https:\/\/logo-phenix.com\/wp-content\/uploads\/2025\/07\/cropped-watercolor_pure_white_a_beauty_of_ansia_composition_of_internationally_award_winning_watercolor_in__jhs9exq4c69qwfc1jile_2-1-1.png\" class=\"wp-image-2216 style-1088-image style-local-1264-c8-image\" alt=\"\" srcset=\"https:\/\/logo-phenix.com\/wp-content\/uploads\/2025\/07\/cropped-watercolor_pure_white_a_beauty_of_ansia_composition_of_internationally_award_winning_watercolor_in__jhs9exq4c69qwfc1jile_2-1-1.png 766w, https:\/\/logo-phenix.com\/wp-content\/uploads\/2025\/07\/cropped-watercolor_pure_white_a_beauty_of_ansia_composition_of_internationally_award_winning_watercolor_in__jhs9exq4c69qwfc1jile_2-1-1-256x300.png 256w\" sizes=\"auto, (max-width: 766px) 100vw, 766px\" \/>\n                      <div class=\"h-image__frame h-hide-lg h-hide-md h-hide-sm style-1088-frameImage style-local-1264-c8-frameImage\"><\/div>\n                    <\/div>\n                  <\/div>\n                <\/div>\n              <\/div>\n            <\/div>\n          <\/div>\n        <\/div>\n      <\/div>\n    <\/div>\n  <\/div>\n<\/div>","protected":false},"excerpt":{"rendered":"<p>Bienvenue sur ma page ! Il y a maintenant 6 ann\u00e9es que j\u2019ai choisi de suivre ma passion en me lan\u00e7ant dans le design. Mon objectif est de vous aider \u00e0 construire votre identit\u00e9 visuelle pour marquer l\u2019esprit de vos prospects et clients, de d\u00e9ployer votre pr\u00e9sence en ligne gr\u00e2ce \u00e0 un site internet \u00e9l\u00e9gant [&hellip;]<\/p>\n","protected":false},"author":1,"featured_media":0,"parent":0,"menu_order":0,"comment_status":"closed","ping_status":"closed","template":"page-templates\/full-width-page.php","meta":{"om_disable_all_campaigns":false,"_mi_skip_tracking":false,"footnotes":""},"class_list":["post-1264","page","type-page","status-publish","hentry"],"aioseo_notices":[],"yoast_head":"<!-- This site is optimized with the Yoast SEO plugin v22.6 - https:\/\/yoast.com\/wordpress\/plugins\/seo\/ -->\n<title>QUI SUIS-JE - Graphiste Freelance<\/title>\n<meta name=\"robots\" content=\"index, follow, max-snippet:-1, max-image-preview:large, max-video-preview:-1\" \/>\n<link rel=\"canonical\" href=\"https:\/\/logo-phenix.com\/?page_id=1264\" \/>\n<meta property=\"og:locale\" content=\"fr_FR\" \/>\n<meta property=\"og:type\" content=\"article\" \/>\n<meta property=\"og:title\" content=\"QUI SUIS-JE - Graphiste Freelance\" \/>\n<meta property=\"og:description\" content=\"Bienvenue sur ma page ! Il y a maintenant 6 ann\u00e9es que j\u2019ai choisi de suivre ma passion en me lan\u00e7ant dans le design. Mon objectif est de vous aider \u00e0 construire votre identit\u00e9 visuelle pour marquer l\u2019esprit de vos prospects et clients, de d\u00e9ployer votre pr\u00e9sence en ligne gr\u00e2ce \u00e0 un site internet \u00e9l\u00e9gant [&hellip;]\" \/>\n<meta property=\"og:url\" content=\"https:\/\/logo-phenix.com\/?page_id=1264\" \/>\n<meta property=\"og:site_name\" content=\"Graphiste Freelance\" \/>\n<meta property=\"article:modified_time\" content=\"2025-07-07T15:58:48+00:00\" \/>\n<meta property=\"og:image\" content=\"https:\/\/logo-phenix.com\/wp-content\/uploads\/2025\/07\/cropped-watercolor_pure_white_a_beauty_of_ansia_composition_of_internationally_award_winning_watercolor_in__jhs9exq4c69qwfc1jile_2-1-1.png\" \/>\n<meta name=\"twitter:card\" content=\"summary_large_image\" \/>\n<meta name=\"twitter:label1\" content=\"Dur\u00e9e de lecture estim\u00e9e\" \/>\n\t<meta name=\"twitter:data1\" content=\"1 minute\" \/>\n<script type=\"application\/ld+json\" class=\"yoast-schema-graph\">{\"@context\":\"https:\/\/schema.org\",\"@graph\":[{\"@type\":\"WebPage\",\"@id\":\"https:\/\/logo-phenix.com\/?page_id=1264\",\"url\":\"https:\/\/logo-phenix.com\/?page_id=1264\",\"name\":\"QUI SUIS-JE - Graphiste Freelance\",\"isPartOf\":{\"@id\":\"https:\/\/logo-phenix.com\/#website\"},\"primaryImageOfPage\":{\"@id\":\"https:\/\/logo-phenix.com\/?page_id=1264#primaryimage\"},\"image\":{\"@id\":\"https:\/\/logo-phenix.com\/?page_id=1264#primaryimage\"},\"thumbnailUrl\":\"https:\/\/logo-phenix.com\/wp-content\/uploads\/2025\/07\/cropped-watercolor_pure_white_a_beauty_of_ansia_composition_of_internationally_award_winning_watercolor_in__jhs9exq4c69qwfc1jile_2-1-1.png\",\"datePublished\":\"2022-12-12T14:04:14+00:00\",\"dateModified\":\"2025-07-07T15:58:48+00:00\",\"breadcrumb\":{\"@id\":\"https:\/\/logo-phenix.com\/?page_id=1264#breadcrumb\"},\"inLanguage\":\"fr-FR\",\"potentialAction\":[{\"@type\":\"ReadAction\",\"target\":[\"https:\/\/logo-phenix.com\/?page_id=1264\"]}]},{\"@type\":\"ImageObject\",\"inLanguage\":\"fr-FR\",\"@id\":\"https:\/\/logo-phenix.com\/?page_id=1264#primaryimage\",\"url\":\"https:\/\/logo-phenix.com\/wp-content\/uploads\/2025\/07\/cropped-watercolor_pure_white_a_beauty_of_ansia_composition_of_internationally_award_winning_watercolor_in__jhs9exq4c69qwfc1jile_2-1-1.png\",\"contentUrl\":\"https:\/\/logo-phenix.com\/wp-content\/uploads\/2025\/07\/cropped-watercolor_pure_white_a_beauty_of_ansia_composition_of_internationally_award_winning_watercolor_in__jhs9exq4c69qwfc1jile_2-1-1.png\",\"width\":766,\"height\":896},{\"@type\":\"BreadcrumbList\",\"@id\":\"https:\/\/logo-phenix.com\/?page_id=1264#breadcrumb\",\"itemListElement\":[{\"@type\":\"ListItem\",\"position\":1,\"name\":\"Accueil\",\"item\":\"https:\/\/logo-phenix.com\/\"},{\"@type\":\"ListItem\",\"position\":2,\"name\":\"QUI SUIS-JE\"}]},{\"@type\":\"WebSite\",\"@id\":\"https:\/\/logo-phenix.com\/#website\",\"url\":\"https:\/\/logo-phenix.com\/\",\"name\":\"Cr\u00e9ation des logos et site internet\",\"description\":\"Logos Distinctifs, Sites Web Performants\",\"alternateName\":\"Branding et Cr\u00e9ation de Sites Web\",\"potentialAction\":[{\"@type\":\"SearchAction\",\"target\":{\"@type\":\"EntryPoint\",\"urlTemplate\":\"https:\/\/logo-phenix.com\/?s={search_term_string}\"},\"query-input\":\"required name=search_term_string\"}],\"inLanguage\":\"fr-FR\"}]}<\/script>\n<!-- \/ Yoast SEO plugin. -->","yoast_head_json":{"title":"QUI SUIS-JE - Graphiste Freelance","robots":{"index":"index","follow":"follow","max-snippet":"max-snippet:-1","max-image-preview":"max-image-preview:large","max-video-preview":"max-video-preview:-1"},"canonical":"https:\/\/logo-phenix.com\/?page_id=1264","og_locale":"fr_FR","og_type":"article","og_title":"QUI SUIS-JE - Graphiste Freelance","og_description":"Bienvenue sur ma page ! Il y a maintenant 6 ann\u00e9es que j\u2019ai choisi de suivre ma passion en me lan\u00e7ant dans le design. Mon objectif est de vous aider \u00e0 construire votre identit\u00e9 visuelle pour marquer l\u2019esprit de vos prospects et clients, de d\u00e9ployer votre pr\u00e9sence en ligne gr\u00e2ce \u00e0 un site internet \u00e9l\u00e9gant [&hellip;]","og_url":"https:\/\/logo-phenix.com\/?page_id=1264","og_site_name":"Graphiste Freelance","article_modified_time":"2025-07-07T15:58:48+00:00","og_image":[{"url":"https:\/\/logo-phenix.com\/wp-content\/uploads\/2025\/07\/cropped-watercolor_pure_white_a_beauty_of_ansia_composition_of_internationally_award_winning_watercolor_in__jhs9exq4c69qwfc1jile_2-1-1.png"}],"twitter_card":"summary_large_image","twitter_misc":{"Dur\u00e9e de lecture estim\u00e9e":"1 minute"},"schema":{"@context":"https:\/\/schema.org","@graph":[{"@type":"WebPage","@id":"https:\/\/logo-phenix.com\/?page_id=1264","url":"https:\/\/logo-phenix.com\/?page_id=1264","name":"QUI SUIS-JE - Graphiste Freelance","isPartOf":{"@id":"https:\/\/logo-phenix.com\/#website"},"primaryImageOfPage":{"@id":"https:\/\/logo-phenix.com\/?page_id=1264#primaryimage"},"image":{"@id":"https:\/\/logo-phenix.com\/?page_id=1264#primaryimage"},"thumbnailUrl":"https:\/\/logo-phenix.com\/wp-content\/uploads\/2025\/07\/cropped-watercolor_pure_white_a_beauty_of_ansia_composition_of_internationally_award_winning_watercolor_in__jhs9exq4c69qwfc1jile_2-1-1.png","datePublished":"2022-12-12T14:04:14+00:00","dateModified":"2025-07-07T15:58:48+00:00","breadcrumb":{"@id":"https:\/\/logo-phenix.com\/?page_id=1264#breadcrumb"},"inLanguage":"fr-FR","potentialAction":[{"@type":"ReadAction","target":["https:\/\/logo-phenix.com\/?page_id=1264"]}]},{"@type":"ImageObject","inLanguage":"fr-FR","@id":"https:\/\/logo-phenix.com\/?page_id=1264#primaryimage","url":"https:\/\/logo-phenix.com\/wp-content\/uploads\/2025\/07\/cropped-watercolor_pure_white_a_beauty_of_ansia_composition_of_internationally_award_winning_watercolor_in__jhs9exq4c69qwfc1jile_2-1-1.png","contentUrl":"https:\/\/logo-phenix.com\/wp-content\/uploads\/2025\/07\/cropped-watercolor_pure_white_a_beauty_of_ansia_composition_of_internationally_award_winning_watercolor_in__jhs9exq4c69qwfc1jile_2-1-1.png","width":766,"height":896},{"@type":"BreadcrumbList","@id":"https:\/\/logo-phenix.com\/?page_id=1264#breadcrumb","itemListElement":[{"@type":"ListItem","position":1,"name":"Accueil","item":"https:\/\/logo-phenix.com\/"},{"@type":"ListItem","position":2,"name":"QUI SUIS-JE"}]},{"@type":"WebSite","@id":"https:\/\/logo-phenix.com\/#website","url":"https:\/\/logo-phenix.com\/","name":"Cr\u00e9ation des logos et site internet","description":"Logos Distinctifs, Sites Web Performants","alternateName":"Branding et Cr\u00e9ation de Sites Web","potentialAction":[{"@type":"SearchAction","target":{"@type":"EntryPoint","urlTemplate":"https:\/\/logo-phenix.com\/?s={search_term_string}"},"query-input":"required name=search_term_string"}],"inLanguage":"fr-FR"}]}},"_links":{"self":[{"href":"https:\/\/logo-phenix.com\/index.php?rest_route=\/wp\/v2\/pages\/1264","targetHints":{"allow":["GET"]}}],"collection":[{"href":"https:\/\/logo-phenix.com\/index.php?rest_route=\/wp\/v2\/pages"}],"about":[{"href":"https:\/\/logo-phenix.com\/index.php?rest_route=\/wp\/v2\/types\/page"}],"author":[{"embeddable":true,"href":"https:\/\/logo-phenix.com\/index.php?rest_route=\/wp\/v2\/users\/1"}],"replies":[{"embeddable":true,"href":"https:\/\/logo-phenix.com\/index.php?rest_route=%2Fwp%2Fv2%2Fcomments&post=1264"}],"version-history":[{"count":3,"href":"https:\/\/logo-phenix.com\/index.php?rest_route=\/wp\/v2\/pages\/1264\/revisions"}],"predecessor-version":[{"id":2417,"href":"https:\/\/logo-phenix.com\/index.php?rest_route=\/wp\/v2\/pages\/1264\/revisions\/2417"}],"wp:attachment":[{"href":"https:\/\/logo-phenix.com\/index.php?rest_route=%2Fwp%2Fv2%2Fmedia&parent=1264"}],"curies":[{"name":"wp","href":"https:\/\/api.w.org\/{rel}","templated":true}]}}